{"id":984,"date":"2023-01-09T22:30:07","date_gmt":"2023-01-09T21:30:07","guid":{"rendered":"https:\/\/www.corpusstudios.com\/?page_id=984"},"modified":"2025-09-05T13:50:14","modified_gmt":"2025-09-05T11:50:14","slug":"calendrier","status":"publish","type":"page","link":"https:\/\/www.corpusstudios.com\/fr\/schedule\/","title":{"rendered":"Calendrier"},"content":{"rendered":"<div data-elementor-type=\"wp-page\" data-elementor-id=\"984\" class=\"elementor elementor-984\" data-elementor-post-type=\"page\">\n\t\t\t\t\t\t<section class=\"elementor-section elementor-top-section elementor-element elementor-element-84c30a9 elementor-section-boxed elementor-section-height-default elementor-section-height-default\" data-id=\"84c30a9\" data-element_type=\"section\" data-e-type=\"section\">\n\t\t\t\t\t\t<div class=\"elementor-container elementor-column-gap-default\">\n\t\t\t\t\t<div class=\"elementor-column elementor-col-100 elementor-top-column elementor-element elementor-element-76017cf\" data-id=\"76017cf\" data-element_type=\"column\" data-e-type=\"column\">\n\t\t\t<div class=\"elementor-widget-wrap elementor-element-populated\">\n\t\t\t\t\t\t<div class=\"elementor-element elementor-element-5953cbd elementor-widget elementor-widget-text-editor\" data-id=\"5953cbd\" data-element_type=\"widget\" data-e-type=\"widget\" data-widget_type=\"text-editor.default\">\n\t\t\t\t<div class=\"elementor-widget-container\">\n\t\t\t\t\t\t\t\t\t<p>Nombre de participants minimum requis par cours<br \/>4 participants pour un cours collectif sur tapis<br \/>3 participants pour un cours avec appareils<\/p><p>Un remboursement sera effectu\u00e9 si vous avez r\u00e9serv\u00e9 un cours qui est annul\u00e9.<\/p><p>Veuillez lire attentivement les courriels de confirmation des cours ;\nils contiennent des informations importantes sur l'heure et le lieu du\ncours et les conditions d'annulation.<\/p>\t\t\t\t\t\t\t\t<\/div>\n\t\t\t\t<\/div>\n\t\t\t\t<div class=\"elementor-element elementor-element-37e34f1 elementor-widget elementor-widget-text-editor\" data-id=\"37e34f1\" data-element_type=\"widget\" data-e-type=\"widget\" data-widget_type=\"text-editor.default\">\n\t\t\t\t<div class=\"elementor-widget-container\">\n\t\t\t\t\t\t\t\t\t<p>Pour chaque cours, le <strong>endroit<\/strong> du studio est indiqu\u00e9 dans le nom de la classe avec <strong>un pr\u00e9fix<\/strong>:<br \/><strong>(B)<\/strong> pour le studio Borrens<br \/><strong>(C)<\/strong> pour le studio Caroly.<\/p><p>Un <strong>niveau de comp\u00e9tence<\/strong> est indiqu\u00e9 pour chaque cours<br \/><strong>L1<\/strong> = aucune exp\u00e9rience requise, (\u00e9galement pour la grossesse, les probl\u00e8mes de dos, de hanches, d'\u00e9paules, etc.\n\u00e9paules...)<br \/><strong>L2<\/strong> = min 20 cours \u00e0 L1<br \/><strong>L3<\/strong> = min 1 - 2 ans d'exp\u00e9rience, (clients en bonne sant\u00e9, sans\nblessures)<br \/><strong>L4<\/strong> = Avanc\u00e9, &gt; 2 ans d'exp\u00e9rience (clients en bonne sant\u00e9, sans\nblessures, capables de travailler \u00e0 un niveau exigeant).<\/p><p>Lorsqu'un '<strong>+<\/strong>+ appara\u00eet apr\u00e8s le niveau (par exemple L2+), les participants doivent avoir le niveau d'exp\u00e9rience minimum d\u00e9sign\u00e9, mais si tous les participants ont un niveau de comp\u00e9tence sup\u00e9rieur, l'enseignant adaptera le cours \u00e0 un niveau sup\u00e9rieur.<\/p>\t\t\t\t\t\t\t\t<\/div>\n\t\t\t\t<\/div>\n\t\t\t\t<section class=\"elementor-section elementor-inner-section elementor-element elementor-element-42b1a2d elementor-section-boxed elementor-section-height-default elementor-section-height-default\" data-id=\"42b1a2d\" data-element_type=\"section\" data-e-type=\"section\">\n\t\t\t\t\t\t<div class=\"elementor-container elementor-column-gap-no\">\n\t\t\t\t\t<div class=\"elementor-column elementor-col-50 elementor-inner-column elementor-element elementor-element-a4cc92b\" data-id=\"a4cc92b\" data-element_type=\"column\" data-e-type=\"column\">\n\t\t\t<div class=\"elementor-widget-wrap elementor-element-populated\">\n\t\t\t\t\t\t<div class=\"elementor-element elementor-element-09bd52e elementor-widget elementor-widget-heading\" data-id=\"09bd52e\" data-element_type=\"widget\" data-e-type=\"widget\" data-widget_type=\"heading.default\">\n\t\t\t\t<div class=\"elementor-widget-container\">\n\t\t\t\t\t<h2 class=\"elementor-heading-title elementor-size-default\">Studio Borrens<\/h2>\t\t\t\t<\/div>\n\t\t\t\t<\/div>\n\t\t\t\t<div class=\"elementor-element elementor-element-f3d77ab cs-mindbody-widget-style-fix elementor-widget elementor-widget-html\" data-id=\"f3d77ab\" data-element_type=\"widget\" data-e-type=\"widget\" data-widget_type=\"html.default\">\n\t\t\t\t<div class=\"elementor-widget-container\">\n\t\t\t\t\t<script src=\"https:\/\/widgets.healcode.com\/javascripts\/healcode.js\" type=\"text\/javascript\"><\/script><healcode-widget data-type=\"schedules\" data-widget-partner=\"object\" data-widget-id=\"d5957995eef\" data-widget-version=\"1\"><\/healcode-widget>\t\t\t\t<\/div>\n\t\t\t\t<\/div>\n\t\t\t\t\t<\/div>\n\t\t<\/div>\n\t\t\t\t<div class=\"elementor-column elementor-col-50 elementor-inner-column elementor-element elementor-element-db223e8\" data-id=\"db223e8\" data-element_type=\"column\" data-e-type=\"column\">\n\t\t\t<div class=\"elementor-widget-wrap elementor-element-populated\">\n\t\t\t\t\t\t<div class=\"elementor-element elementor-element-91623b5 elementor-widget elementor-widget-heading\" data-id=\"91623b5\" data-element_type=\"widget\" data-e-type=\"widget\" data-widget_type=\"heading.default\">\n\t\t\t\t<div class=\"elementor-widget-container\">\n\t\t\t\t\t<h2 class=\"elementor-heading-title elementor-size-default\">Studio Caroly<\/h2>\t\t\t\t<\/div>\n\t\t\t\t<\/div>\n\t\t\t\t<div class=\"elementor-element elementor-element-cd7172b cs-mindbody-widget-style-fix elementor-widget elementor-widget-html\" data-id=\"cd7172b\" data-element_type=\"widget\" data-e-type=\"widget\" data-widget_type=\"html.default\">\n\t\t\t\t<div class=\"elementor-widget-container\">\n\t\t\t\t\t<script src=\"https:\/\/widgets.healcode.com\/javascripts\/healcode.js\" type=\"text\/javascript\"><\/script><healcode-widget data-type=\"schedules\" data-widget-partner=\"object\" data-widget-id=\"d5958005eef\" data-widget-version=\"1\"><\/healcode-widget>\t\t\t\t<\/div>\n\t\t\t\t<\/div>\n\t\t\t\t\t<\/div>\n\t\t<\/div>\n\t\t\t\t\t<\/div>\n\t\t<\/section>\n\t\t\t\t\t<\/div>\n\t\t<\/div>\n\t\t\t\t\t<\/div>\n\t\t<\/section>\n\t\t\t\t<section class=\"elementor-section elementor-top-section elementor-element elementor-element-4a273b1 elementor-section-boxed elementor-section-height-default elementor-section-height-default\" data-id=\"4a273b1\" data-element_type=\"section\" data-e-type=\"section\" data-settings=\"{&quot;background_background&quot;:&quot;classic&quot;}\">\n\t\t\t\t\t\t<div class=\"elementor-container elementor-column-gap-default\">\n\t\t\t\t\t<div class=\"elementor-column elementor-col-50 elementor-top-column elementor-element elementor-element-1e28c66\" data-id=\"1e28c66\" data-element_type=\"column\" data-e-type=\"column\">\n\t\t\t<div class=\"elementor-widget-wrap elementor-element-populated\">\n\t\t\t\t\t\t<div class=\"elementor-element elementor-element-8fa805a elementor-widget elementor-widget-video\" data-id=\"8fa805a\" data-element_type=\"widget\" data-e-type=\"widget\" data-settings=\"{&quot;youtube_url&quot;:&quot;https:\\\/\\\/www.youtube.com\\\/watch?v=Tj-z4djsnX0&amp;t=1s&quot;,&quot;video_type&quot;:&quot;youtube&quot;}\" data-widget_type=\"video.default\">\n\t\t\t\t<div class=\"elementor-widget-container\">\n\t\t\t\t\t\t\t<div class=\"elementor-wrapper elementor-open-inline\">\n\t\t\t<div class=\"elementor-video\"><\/div>\t\t<\/div>\n\t\t\t\t\t\t<\/div>\n\t\t\t\t<\/div>\n\t\t\t\t\t<\/div>\n\t\t<\/div>\n\t\t\t\t<div class=\"elementor-column elementor-col-50 elementor-top-column elementor-element elementor-element-4aa3285\" data-id=\"4aa3285\" data-element_type=\"column\" data-e-type=\"column\">\n\t\t\t<div class=\"elementor-widget-wrap elementor-element-populated\">\n\t\t\t\t\t\t<div class=\"elementor-element elementor-element-1033492 elementor-widget elementor-widget-heading\" data-id=\"1033492\" data-element_type=\"widget\" data-e-type=\"widget\" data-widget_type=\"heading.default\">\n\t\t\t\t<div class=\"elementor-widget-container\">\n\t\t\t\t\t<h3 class=\"elementor-heading-title elementor-size-default\">Deux sites \u00e0 Bruxelles<\/h3>\t\t\t\t<\/div>\n\t\t\t\t<\/div>\n\t\t\t\t<div class=\"elementor-element elementor-element-35cee6a elementor-widget elementor-widget-text-editor\" data-id=\"35cee6a\" data-element_type=\"widget\" data-e-type=\"widget\" data-widget_type=\"text-editor.default\">\n\t\t\t\t<div class=\"elementor-widget-container\">\n\t\t\t\t\t\t\t\t\t<p>Choisissez votre studio : <strong>Studio Borrens (Rue Borrens 33)<\/strong> ou Studio Caroly <strong>(Rue Caroly 33)<\/strong><\/p><p>Achetez un laissez-passer en ligne ou en personne, puis cliquez sur \"S'inscrire\" dans le calendrier ci-dessous pour rejoindre une classe.<\/p><p><strong>Pour les cours priv\u00e9s, voir :<\/strong><\/p><ul><li><a href=\"https:\/\/www.corpusstudios.com\/fr\/coaching-personnel-borrens\/\">Calendrier \u00e0 Borrens<\/a><\/li><li><a href=\"https:\/\/www.corpusstudios.com\/fr\/coaching-personnel-caroly\/\">Calendrier \u00e0 Caroly<\/a><\/li><\/ul>\t\t\t\t\t\t\t\t<\/div>\n\t\t\t\t<\/div>\n\t\t\t\t\t<\/div>\n\t\t<\/div>\n\t\t\t\t\t<\/div>\n\t\t<\/section>\n\t\t\t\t<\/div>","protected":false},"excerpt":{"rendered":"<p>Minimum participants for a class to take place: 4 participants for a collective mat class 3 participants for an apparatus class A refund will be issued if you booked a class that is canceled. Please read class confirmation emails carefully; they contain important information about the time and location of the class and cancellation conditions. [&hellip;]<\/p>\n","protected":false},"author":1,"featured_media":0,"parent":0,"menu_order":0,"comment_status":"closed","ping_status":"closed","template":"elementor_header_footer","meta":{"footnotes":""},"class_list":["post-984","page","type-page","status-publish","hentry"],"_links":{"self":[{"href":"https:\/\/www.corpusstudios.com\/fr\/wp-json\/wp\/v2\/pages\/984","targetHints":{"allow":["GET"]}}],"collection":[{"href":"https:\/\/www.corpusstudios.com\/fr\/wp-json\/wp\/v2\/pages"}],"about":[{"href":"https:\/\/www.corpusstudios.com\/fr\/wp-json\/wp\/v2\/types\/page"}],"author":[{"embeddable":true,"href":"https:\/\/www.corpusstudios.com\/fr\/wp-json\/wp\/v2\/users\/1"}],"replies":[{"embeddable":true,"href":"https:\/\/www.corpusstudios.com\/fr\/wp-json\/wp\/v2\/comments?post=984"}],"version-history":[{"count":0,"href":"https:\/\/www.corpusstudios.com\/fr\/wp-json\/wp\/v2\/pages\/984\/revisions"}],"wp:attachment":[{"href":"https:\/\/www.corpusstudios.com\/fr\/wp-json\/wp\/v2\/media?parent=984"}],"curies":[{"name":"wp","href":"https:\/\/api.w.org\/{rel}","templated":true}]}}