{"id":2900,"date":"2023-01-14T16:16:10","date_gmt":"2023-01-14T15:16:10","guid":{"rendered":"https:\/\/www.corpusstudios.com\/?page_id=2900"},"modified":"2025-09-05T13:36:45","modified_gmt":"2025-09-05T11:36:45","slug":"cours-en-ligne","status":"publish","type":"page","link":"https:\/\/www.corpusstudios.com\/fr\/online-classes\/","title":{"rendered":"Cours virtuels en ligne"},"content":{"rendered":"<div data-elementor-type=\"wp-page\" data-elementor-id=\"2900\" class=\"elementor elementor-2900\" data-elementor-post-type=\"page\">\n\t\t\t\t\t\t<section class=\"elementor-section elementor-top-section elementor-element elementor-element-1abfdeb elementor-section-boxed elementor-section-height-default elementor-section-height-default\" data-id=\"1abfdeb\" data-element_type=\"section\" data-e-type=\"section\">\n\t\t\t\t\t\t<div class=\"elementor-container elementor-column-gap-default\">\n\t\t\t\t\t<div class=\"elementor-column elementor-col-50 elementor-top-column elementor-element elementor-element-10fcde1\" data-id=\"10fcde1\" data-element_type=\"column\" data-e-type=\"column\">\n\t\t\t<div class=\"elementor-widget-wrap elementor-element-populated\">\n\t\t\t\t\t\t<div class=\"elementor-element elementor-element-4edee60 elementor-widget elementor-widget-heading\" data-id=\"4edee60\" data-element_type=\"widget\" data-e-type=\"widget\" data-widget_type=\"heading.default\">\n\t\t\t\t<div class=\"elementor-widget-container\">\n\t\t\t\t\t<h3 class=\"elementor-heading-title elementor-size-default\">NOUVEAU !<\/h3>\t\t\t\t<\/div>\n\t\t\t\t<\/div>\n\t\t\t\t<div class=\"elementor-element elementor-element-496f92f elementor-widget elementor-widget-text-editor\" data-id=\"496f92f\" data-element_type=\"widget\" data-e-type=\"widget\" data-widget_type=\"text-editor.default\">\n\t\t\t\t<div class=\"elementor-widget-container\">\n\t\t\t\t\t\t\t\t\tR\u00e9servez-votre cours priv\u00e9 VIRTUEL d\u00e8s aujourd'hui\t\t\t\t\t\t\t\t<\/div>\n\t\t\t\t<\/div>\n\t\t\t\t<div class=\"elementor-element elementor-element-4246f90 elementor-widget elementor-widget-html\" data-id=\"4246f90\" data-element_type=\"widget\" data-e-type=\"widget\" data-widget_type=\"html.default\">\n\t\t\t\t<div class=\"elementor-widget-container\">\n\t\t\t\t\t<script src=\"https:\/\/widgets.healcode.com\/javascripts\/healcode.js\" type=\"text\/javascript\"><\/script>\r\n<healcode-widget data-version=\"0.2\" data-link-class=\"cs-mindbody-btn cs-mindbody-btn-small\" data-site-id=\"2324\" data-mb-site-id=\"12598\" data-type=\"pricing-link\"\r\n    data-inner-html=\"Buy Single Private\" data-service-id=\"571\"><a href=\"\" class=\"healcode-link btn btn-style-3\"\r\n        data-url=\"https:\/\/cart.mindbodyonline.com\/sites\/2324\/cart\/add_service?mbo_item_id=571\" data-widget-name=\"pricing-link\" data-mbo-site-id=\"12598\"\r\n        rev=\"iframe\" title=\"571\" data-hc-open-modal=\"modal-iframe\" data-bw-identity-site=\"false\">ACHETEZ UN COURS VIRTUEL EN LIGNE<\/a><\/healcode-widget>\t\t\t\t<\/div>\n\t\t\t\t<\/div>\n\t\t\t\t<div class=\"elementor-element elementor-element-4733805 elementor-widget elementor-widget-html\" data-id=\"4733805\" data-element_type=\"widget\" data-e-type=\"widget\" data-widget_type=\"html.default\">\n\t\t\t\t<div class=\"elementor-widget-container\">\n\t\t\t\t\t<healcode-widget data-version=\"0.2\" data-link-class=\"cs-mindbody-btn cs-mindbody-btn-small\" data-site-id=\"2324\" data-mb-site-id=\"12598\" data-type=\"pricing-link\"\r\n    data-inner-html=\"Buy Duo Private\" data-service-id=\"572\"><a href=\"\" class=\"healcode-link btn btn-style-3\"\r\n        data-url=\"https:\/\/cart.mindbodyonline.com\/sites\/2324\/cart\/add_service?mbo_item_id=572\" data-widget-name=\"pricing-link\" data-mbo-site-id=\"12598\"\r\n        rev=\"iframe\" title=\"572\" data-hc-open-modal=\"modal-iframe\" data-bw-identity-site=\"false\">Acheter Duo Private<\/a><\/healcode-widget>\t\t\t\t<\/div>\n\t\t\t\t<\/div>\n\t\t\t\t<div class=\"elementor-element elementor-element-574a141 elementor-widget elementor-widget-heading\" data-id=\"574a141\" data-element_type=\"widget\" data-e-type=\"widget\" data-widget_type=\"heading.default\">\n\t\t\t\t<div class=\"elementor-widget-container\">\n\t\t\t\t\t<h3 class=\"elementor-heading-title elementor-size-default\">Acheter un cours VIRTUEL en ligne\npour 25 \u20ac*<\/h3>\t\t\t\t<\/div>\n\t\t\t\t<\/div>\n\t\t\t\t<div class=\"elementor-element elementor-element-8b23808 elementor-widget elementor-widget-text-editor\" data-id=\"8b23808\" data-element_type=\"widget\" data-e-type=\"widget\" data-widget_type=\"text-editor.default\">\n\t\t\t\t<div class=\"elementor-widget-container\">\n\t\t\t\t\t\t\t\t\t*aucune adh\u00e9sion n'est requise\t\t\t\t\t\t\t\t<\/div>\n\t\t\t\t<\/div>\n\t\t\t\t<div class=\"elementor-element elementor-element-05f37e5 elementor-widget elementor-widget-html\" data-id=\"05f37e5\" data-element_type=\"widget\" data-e-type=\"widget\" data-widget_type=\"html.default\">\n\t\t\t\t<div class=\"elementor-widget-container\">\n\t\t\t\t\t<healcode-widget data-version=\"0.2\" data-link-class=\"cs-mindbody-btn cs-mindbody-btn-small\" data-site-id=\"2324\" data-mb-site-id=\"12598\" data-type=\"pricing-link\"\r\n    data-inner-html=\"Buy Now\" data-service-id=\"539\"><a href=\"\" class=\"healcode-link btn btn-style-3\"\r\n        data-url=\"https:\/\/cart.mindbodyonline.com\/sites\/2324\/cart\/add_service?mbo_item_id=539\" data-widget-name=\"pricing-link\" data-mbo-site-id=\"12598\"\r\n        rev=\"iframe\" title=\"539\" data-hc-open-modal=\"modal-iframe\" data-bw-identity-site=\"false\">Acheter<\/a><\/healcode-widget>\t\t\t\t<\/div>\n\t\t\t\t<\/div>\n\t\t\t\t<div class=\"elementor-element elementor-element-c826ff8 elementor-widget elementor-widget-heading\" data-id=\"c826ff8\" data-element_type=\"widget\" data-e-type=\"widget\" data-widget_type=\"heading.default\">\n\t\t\t\t<div class=\"elementor-widget-container\">\n\t\t\t\t\t<h3 class=\"elementor-heading-title elementor-size-default\">Acheter une carte de 5 cours VIRTUELS en ligne pour 95\u20ac*.<\/h3>\t\t\t\t<\/div>\n\t\t\t\t<\/div>\n\t\t\t\t<div class=\"elementor-element elementor-element-8885f38 elementor-widget elementor-widget-text-editor\" data-id=\"8885f38\" data-element_type=\"widget\" data-e-type=\"widget\" data-widget_type=\"text-editor.default\">\n\t\t\t\t<div class=\"elementor-widget-container\">\n\t\t\t\t\t\t\t\t\t*Aucune adh\u00e9sion n'est requise pendant la p\u00e9riode de fermeture.\t\t\t\t\t\t\t\t<\/div>\n\t\t\t\t<\/div>\n\t\t\t\t<div class=\"elementor-element elementor-element-fbc7be4 elementor-widget elementor-widget-html\" data-id=\"fbc7be4\" data-element_type=\"widget\" data-e-type=\"widget\" data-widget_type=\"html.default\">\n\t\t\t\t<div class=\"elementor-widget-container\">\n\t\t\t\t\t<healcode-widget data-version=\"0.2\" data-link-class=\"cs-mindbody-btn cs-mindbody-btn-small\" data-site-id=\"2324\" data-mb-site-id=\"12598\" data-type=\"pricing-link\"\r\n    data-inner-html=\"Buy Now\" data-service-id=\"574\"><a href=\"\" class=\"healcode-link btn btn-style-3\"\r\n        data-url=\"https:\/\/cart.mindbodyonline.com\/sites\/2324\/cart\/add_service?mbo_item_id=574\" data-widget-name=\"pricing-link\" data-mbo-site-id=\"12598\"\r\n        rev=\"iframe\" title=\"574\" data-hc-open-modal=\"modal-iframe\" data-bw-identity-site=\"false\">Acheter<\/a><\/healcode-widget>\t\t\t\t<\/div>\n\t\t\t\t<\/div>\n\t\t\t\t<div class=\"elementor-element elementor-element-805a1c2 elementor-widget elementor-widget-heading\" data-id=\"805a1c2\" data-element_type=\"widget\" data-e-type=\"widget\" data-widget_type=\"heading.default\">\n\t\t\t\t<div class=\"elementor-widget-container\">\n\t\t\t\t\t<h3 class=\"elementor-heading-title elementor-size-default\">Cours virtuels en ligne sur la signature de Kelly<\/h3>\t\t\t\t<\/div>\n\t\t\t\t<\/div>\n\t\t\t\t<div class=\"elementor-element elementor-element-9ebdf02 elementor-widget elementor-widget-text-editor\" data-id=\"9ebdf02\" data-element_type=\"widget\" data-e-type=\"widget\" data-widget_type=\"text-editor.default\">\n\t\t\t\t<div class=\"elementor-widget-container\">\n\t\t\t\t\t\t\t\t\t<p>Pour s'inscrire<\/p><ol><li>Inscrivez-vous \u00e0 notre cours VIRTUEL avec l'APP des studios Corpus sur notre site web, votre t\u00e9l\u00e9phone ou votre tablette.<\/li><li><span style=\"color: #993300;\">Vous recevrez un lien par e-mail 30 minutes avant le cours,<\/span><\/li><li><span style=\"color: #993300;\">Suivez les \u00e9tapes indiqu\u00e9es apr\u00e8s avoir cliqu\u00e9 sur le lien<\/span><\/li><li><span style=\"color: #993300;\">Connectez-vous d\u00e8s que vous recevez le lien.\u00a0<\/span><\/li><li><span style=\"color: #993300;\">Pour vous inscrire, veuillez \u00e9crire votre nom dans le champ<\/span> chat box. Le cours peut alors commencer \u00e0 l'heure.<\/li><li>Positionnez votre appareil \u00e0 l'endroit o\u00f9 il appara\u00eet <strong>vous<\/strong> Je peux alors vous voir et vous corriger (si vous voulez \u00eatre vu), m'assurer que votre visuel est plac\u00e9 \u00e0 un endroit o\u00f9 votre t\u00eate n'a pas besoin de se tourner constamment, et utiliser l'\u00e9cran le plus grand possible. Le meilleur moyen est de projeter votre appareil sur un t\u00e9l\u00e9viseur.<\/li><li>Allumez le son ou portez des \u00e9couteurs sans fil. V\u00e9rifiez votre syst\u00e8me audio \u00e0 l'avance, l'essentiel \u00e9tant d'entendre clairement les instructions.<\/li><li>Assurez-vous de disposer d'un espace s\u00fbr de 2 m\u00e8tres par 2 m\u00e8tres, sans obstacles.<\/li><li>Les cours sont affich\u00e9s sur le calendrier du site web et sur l'application Corpus. Une fois inscrit, vous recevrez un lien 30 minutes avant le d\u00e9but du cours.<\/li><\/ol><h4>Vous pouvez \u00e9galement vous abonner pour 9,99 \u20ac \/ mois aux vid\u00e9os de Kelly sur VIMEO : <a href=\"https:\/\/vimeo.com\/ondemand\/corpusstudios\" target=\"_blank\" rel=\"noopener\">Corpus studios\u2122ON DEMAND<\/a>.<\/h4><p>Nos vid\u00e9os vous offrent les avantages de l'auto-entra\u00eenement par des instructeurs exp\u00e9riment\u00e9s et de haut niveau. Entra\u00eenements variables pour le bureau, le studio \u00e0 domicile, la plage, la piscine et plus encore. Disponible sur tous les appareils. Programmes courts et longs pour la force, l'\u00e9tirement et la r\u00e9\u00e9ducation. Certaines de nos classes VIRTUELLES sont enregistr\u00e9es et ajout\u00e9es sur notre site web.<\/p><p>Les vid\u00e9os de Pilates mat font partie du programme Corpus Pilates\u2122Teacher Training.<\/p>\t\t\t\t\t\t\t\t<\/div>\n\t\t\t\t<\/div>\n\t\t\t\t\t<\/div>\n\t\t<\/div>\n\t\t\t\t<div class=\"elementor-column elementor-col-50 elementor-top-column elementor-element elementor-element-dd2dd49\" data-id=\"dd2dd49\" data-element_type=\"column\" data-e-type=\"column\">\n\t\t\t<div class=\"elementor-widget-wrap elementor-element-populated\">\n\t\t\t\t\t\t<div class=\"elementor-element elementor-element-06eb5fb cs-mindbody-widget-style-fix elementor-widget elementor-widget-html\" data-id=\"06eb5fb\" data-element_type=\"widget\" data-e-type=\"widget\" data-widget_type=\"html.default\">\n\t\t\t\t<div class=\"elementor-widget-container\">\n\t\t\t\t\t<healcode-widget data-type=\"schedules\" data-widget-partner=\"object\" data-widget-id=\"d51372895eef\" data-widget-version=\"1\" ><\/healcode-widget>\t\t\t\t<\/div>\n\t\t\t\t<\/div>\n\t\t\t\t<div class=\"elementor-element elementor-element-ad25d0b elementor-widget elementor-widget-image\" data-id=\"ad25d0b\" data-element_type=\"widget\" data-e-type=\"widget\" data-widget_type=\"image.default\">\n\t\t\t\t<div class=\"elementor-widget-container\">\n\t\t\t\t\t\t\t\t\t\t\t\t\t\t\t\t<a href=\"https:\/\/vimeo.com\/ondemand\/corpusstudios\" target=\"_blank\" rel=\"nofollow noopener\">\n\t\t\t\t\t\t\t<img fetchpriority=\"high\" decoding=\"async\" width=\"550\" height=\"461\" src=\"https:\/\/www.corpusstudios.com\/wp-content\/uploads\/2023\/01\/Corpus-Pilates\u2122-Facebook-Post.jpg\" class=\"attachment-full size-full wp-image-2957\" alt=\"Cours en ligne sur la signature de Kelly\" \/>\t\t\t\t\t\t\t\t<\/a>\n\t\t\t\t\t\t\t\t\t\t\t\t\t\t\t<\/div>\n\t\t\t\t<\/div>\n\t\t\t\t\t<\/div>\n\t\t<\/div>\n\t\t\t\t\t<\/div>\n\t\t<\/section>\n\t\t\t\t<\/div>","protected":false},"excerpt":{"rendered":"<p>NEW ! Book your online private single or duo master class with Kelly McKinnon today Buy Single Private Buy Duo Private Buy one VIRTUAL online class for 25 \u20ac* *no membership required Buy Now Buy a 5 VIRTUAL online class card for 95\u20ac* *no membership required during closure. Buy Now Virtual Online Kelly\u2019s signature Classes [&hellip;]<\/p>\n","protected":false},"author":1,"featured_media":0,"parent":0,"menu_order":0,"comment_status":"closed","ping_status":"closed","template":"elementor_header_footer","meta":{"footnotes":""},"class_list":["post-2900","page","type-page","status-publish","hentry"],"_links":{"self":[{"href":"https:\/\/www.corpusstudios.com\/fr\/wp-json\/wp\/v2\/pages\/2900","targetHints":{"allow":["GET"]}}],"collection":[{"href":"https:\/\/www.corpusstudios.com\/fr\/wp-json\/wp\/v2\/pages"}],"about":[{"href":"https:\/\/www.corpusstudios.com\/fr\/wp-json\/wp\/v2\/types\/page"}],"author":[{"embeddable":true,"href":"https:\/\/www.corpusstudios.com\/fr\/wp-json\/wp\/v2\/users\/1"}],"replies":[{"embeddable":true,"href":"https:\/\/www.corpusstudios.com\/fr\/wp-json\/wp\/v2\/comments?post=2900"}],"version-history":[{"count":0,"href":"https:\/\/www.corpusstudios.com\/fr\/wp-json\/wp\/v2\/pages\/2900\/revisions"}],"wp:attachment":[{"href":"https:\/\/www.corpusstudios.com\/fr\/wp-json\/wp\/v2\/media?parent=2900"}],"curies":[{"name":"wp","href":"https:\/\/api.w.org\/{rel}","templated":true}]}}