{"id":1897,"date":"2023-01-12T18:52:20","date_gmt":"2023-01-12T17:52:20","guid":{"rendered":"https:\/\/www.corpusstudios.com\/?page_id=1897"},"modified":"2025-09-05T13:44:35","modified_gmt":"2025-09-05T11:44:35","slug":"programme-complet-de-formation-dinstructeur-de-studio-appareil-de-natation","status":"publish","type":"page","link":"https:\/\/www.corpusstudios.com\/fr\/pilates\/comprehensive-studio-instructor-training-program-mat-apparatus\/","title":{"rendered":"Programme complet de formation des instructeurs de studio (tapis et appareils)"},"content":{"rendered":"<div data-elementor-type=\"wp-page\" data-elementor-id=\"1897\" class=\"elementor elementor-1897\" data-elementor-post-type=\"page\">\n\t\t\t\t\t\t<section class=\"elementor-section elementor-top-section elementor-element elementor-element-100f87bb elementor-section-boxed elementor-section-height-default elementor-section-height-default\" data-id=\"100f87bb\" data-element_type=\"section\" data-e-type=\"section\" data-settings=\"{&quot;background_background&quot;:&quot;classic&quot;}\">\n\t\t\t\t\t\t<div class=\"elementor-container elementor-column-gap-default\">\n\t\t\t\t\t<div class=\"elementor-column elementor-col-100 elementor-top-column elementor-element elementor-element-7264bcaf\" data-id=\"7264bcaf\" data-element_type=\"column\" data-e-type=\"column\">\n\t\t\t<div class=\"elementor-widget-wrap elementor-element-populated\">\n\t\t\t\t\t\t<div class=\"elementor-element elementor-element-52fd5cb2 elementor-widget elementor-widget-heading\" data-id=\"52fd5cb2\" data-element_type=\"widget\" data-e-type=\"widget\" data-widget_type=\"heading.default\">\n\t\t\t\t<div class=\"elementor-widget-container\">\n\t\t\t\t\t<h2 class=\"elementor-heading-title elementor-size-default\">Studio complet<br \/>Programme de formation des instructeurs<br \/>(Mat &amp; Apparatus)<\/h2>\t\t\t\t<\/div>\n\t\t\t\t<\/div>\n\t\t\t\t<div class=\"elementor-element elementor-element-50008528 elementor-widget elementor-widget-text-editor\" data-id=\"50008528\" data-element_type=\"widget\" data-e-type=\"widget\" data-widget_type=\"text-editor.default\">\n\t\t\t\t<div class=\"elementor-widget-container\">\n\t\t\t\t\t\t\t\t\t<p><strong>Le programme Pilates Comprehensive Studio Instructor<\/strong> est destin\u00e9 aux \u00e9tudiants qui souhaitent entamer une carri\u00e8re \u00e0 part enti\u00e8re en tant que <strong>Instructeur de studio Pilates<\/strong>, incorporant \u00e0 la fois <strong>mat<\/strong> et le studio complet <strong>appareil<\/strong>. C'est ainsi que <strong>Joseph Pilates<\/strong> a voulu que son programme d'exercices soit appliqu\u00e9 - en combinant le travail sur tapis avec les appareils pour d\u00e9velopper un corps fort, flexible, \u00e9quilibr\u00e9 et en bonne sant\u00e9.<\/p>\t\t\t\t\t\t\t\t<\/div>\n\t\t\t\t<\/div>\n\t\t\t\t<div class=\"elementor-element elementor-element-9608b31 elementor-align-center elementor-widget elementor-widget-button\" data-id=\"9608b31\" data-element_type=\"widget\" data-e-type=\"widget\" data-widget_type=\"button.default\">\n\t\t\t\t<div class=\"elementor-widget-container\">\n\t\t\t\t\t\t\t\t\t<div class=\"elementor-button-wrapper\">\n\t\t\t\t\t<a class=\"elementor-button elementor-button-link elementor-size-sm\" href=\"https:\/\/www.corpusstudios.com\/wp-content\/uploads\/2024\/09\/CPIT_Info-slides_2024.pdf\" target=\"_blank\" rel=\"nofollow\">\n\t\t\t\t\t\t<span class=\"elementor-button-content-wrapper\">\n\t\t\t\t\t\t\t\t\t<span class=\"elementor-button-text\">T\u00e9l\u00e9charger le pdf<\/span>\n\t\t\t\t\t<\/span>\n\t\t\t\t\t<\/a>\n\t\t\t\t<\/div>\n\t\t\t\t\t\t\t\t<\/div>\n\t\t\t\t<\/div>\n\t\t\t\t\t<\/div>\n\t\t<\/div>\n\t\t\t\t\t<\/div>\n\t\t<\/section>\n\t\t\t\t<section class=\"elementor-section elementor-top-section elementor-element elementor-element-b98bb02 elementor-section-boxed elementor-section-height-default elementor-section-height-default\" data-id=\"b98bb02\" data-element_type=\"section\" data-e-type=\"section\">\n\t\t\t\t\t\t<div class=\"elementor-container elementor-column-gap-default\">\n\t\t\t\t\t<div class=\"elementor-column elementor-col-100 elementor-top-column elementor-element elementor-element-934ae2f\" data-id=\"934ae2f\" data-element_type=\"column\" data-e-type=\"column\">\n\t\t\t<div class=\"elementor-widget-wrap elementor-element-populated\">\n\t\t\t\t\t\t<section class=\"elementor-section elementor-inner-section elementor-element elementor-element-bde0263 elementor-section-boxed elementor-section-height-default elementor-section-height-default\" data-id=\"bde0263\" data-element_type=\"section\" data-e-type=\"section\">\n\t\t\t\t\t\t<div class=\"elementor-container elementor-column-gap-no\">\n\t\t\t\t\t<div class=\"elementor-column elementor-col-50 elementor-inner-column elementor-element elementor-element-7085330\" data-id=\"7085330\" data-element_type=\"column\" data-e-type=\"column\">\n\t\t\t<div class=\"elementor-widget-wrap elementor-element-populated\">\n\t\t\t\t\t\t<div class=\"elementor-element elementor-element-ef8f256 elementor-widget elementor-widget-heading\" data-id=\"ef8f256\" data-element_type=\"widget\" data-e-type=\"widget\" data-widget_type=\"heading.default\">\n\t\t\t\t<div class=\"elementor-widget-container\">\n\t\t\t\t\t<h2 class=\"elementor-heading-title elementor-size-default\">Parcours optimal pour devenir instructeur de Pilates<\/h2>\t\t\t\t<\/div>\n\t\t\t\t<\/div>\n\t\t\t\t<div class=\"elementor-element elementor-element-b60234b elementor-widget elementor-widget-text-editor\" data-id=\"b60234b\" data-element_type=\"widget\" data-e-type=\"widget\" data-widget_type=\"text-editor.default\">\n\t\t\t\t<div class=\"elementor-widget-container\">\n\t\t\t\t\t\t\t\t\t<p>Le programme \"Comprehensive Studio\" combine \u00e0 la fois le <strong>Moniteur de natation<\/strong> et le programme d'\u00e9tudes de l <strong>Instructeur en appareillage<\/strong> \u00e0 2 niveaux. Il s'agit de la voie optimale pour devenir <strong>Instructeur Pilates<\/strong>.<\/p>\t\t\t\t\t\t\t\t<\/div>\n\t\t\t\t<\/div>\n\t\t\t\t\t<\/div>\n\t\t<\/div>\n\t\t\t\t<div class=\"elementor-column elementor-col-50 elementor-inner-column elementor-element elementor-element-51743d6 elementor-hidden-tablet elementor-hidden-mobile\" data-id=\"51743d6\" data-element_type=\"column\" data-e-type=\"column\">\n\t\t\t<div class=\"elementor-widget-wrap\">\n\t\t\t\t\t\t\t<\/div>\n\t\t<\/div>\n\t\t\t\t\t<\/div>\n\t\t<\/section>\n\t\t\t\t<section class=\"elementor-section elementor-inner-section elementor-element elementor-element-64aa8bf elementor-section-boxed elementor-section-height-default elementor-section-height-default\" data-id=\"64aa8bf\" data-element_type=\"section\" data-e-type=\"section\">\n\t\t\t\t\t\t<div class=\"elementor-container elementor-column-gap-no\">\n\t\t\t\t\t<div class=\"elementor-column elementor-col-50 elementor-inner-column elementor-element elementor-element-4b82e64\" data-id=\"4b82e64\" data-element_type=\"column\" data-e-type=\"column\">\n\t\t\t<div class=\"elementor-widget-wrap elementor-element-populated\">\n\t\t\t\t\t\t<div class=\"elementor-element elementor-element-48e9d6c elementor-widget elementor-widget-image\" data-id=\"48e9d6c\" data-element_type=\"widget\" data-e-type=\"widget\" data-widget_type=\"image.default\">\n\t\t\t\t<div class=\"elementor-widget-container\">\n\t\t\t\t\t\t\t\t\t\t\t\t\t\t\t<img fetchpriority=\"high\" decoding=\"async\" width=\"675\" height=\"365\" src=\"https:\/\/www.corpusstudios.com\/wp-content\/uploads\/2023\/03\/corpus-studios-instructor-training-program-thumbnail.jpg\" class=\"attachment-full size-full wp-image-4053\" alt=\"Programme de formation d&#039;instructeurs \u00e0 Corpus Studios\" srcset=\"https:\/\/www.corpusstudios.com\/wp-content\/uploads\/2023\/03\/corpus-studios-instructor-training-program-thumbnail.jpg 675w, https:\/\/www.corpusstudios.com\/wp-content\/uploads\/2023\/03\/corpus-studios-instructor-training-program-thumbnail-18x10.jpg 18w\" sizes=\"(max-width: 675px) 100vw, 675px\" \/>\t\t\t\t\t\t\t\t\t\t\t\t\t\t\t<\/div>\n\t\t\t\t<\/div>\n\t\t\t\t<div class=\"elementor-element elementor-element-beea6ad elementor-widget elementor-widget-heading\" data-id=\"beea6ad\" data-element_type=\"widget\" data-e-type=\"widget\" data-widget_type=\"heading.default\">\n\t\t\t\t<div class=\"elementor-widget-container\">\n\t\t\t\t\t<h3 class=\"elementor-heading-title elementor-size-default\">Niveau 1 : Base et d\u00e9butant<\/h3>\t\t\t\t<\/div>\n\t\t\t\t<\/div>\n\t\t\t\t<div class=\"elementor-element elementor-element-f016f3e elementor-widget elementor-widget-button\" data-id=\"f016f3e\" data-element_type=\"widget\" data-e-type=\"widget\" data-widget_type=\"button.default\">\n\t\t\t\t<div class=\"elementor-widget-container\">\n\t\t\t\t\t\t\t\t\t<div class=\"elementor-button-wrapper\">\n\t\t\t\t\t<a class=\"elementor-button elementor-button-link elementor-size-sm\" href=\"https:\/\/www.corpusstudios.com\/fr\/pilates\/comprehensive-studio-instructor-training-program-mat-apparatus\/comprehensive-studio-program-mat-apparatus-level-1-foundation-beginner\/\">\n\t\t\t\t\t\t<span class=\"elementor-button-content-wrapper\">\n\t\t\t\t\t\t\t\t\t<span class=\"elementor-button-text\">EN SAVOIR PLUS<\/span>\n\t\t\t\t\t<\/span>\n\t\t\t\t\t<\/a>\n\t\t\t\t<\/div>\n\t\t\t\t\t\t\t\t<\/div>\n\t\t\t\t<\/div>\n\t\t\t\t\t<\/div>\n\t\t<\/div>\n\t\t\t\t<div class=\"elementor-column elementor-col-50 elementor-inner-column elementor-element elementor-element-ea859f5\" data-id=\"ea859f5\" data-element_type=\"column\" data-e-type=\"column\">\n\t\t\t<div class=\"elementor-widget-wrap elementor-element-populated\">\n\t\t\t\t\t\t<div class=\"elementor-element elementor-element-bc17a7a elementor-widget elementor-widget-image\" data-id=\"bc17a7a\" data-element_type=\"widget\" data-e-type=\"widget\" data-widget_type=\"image.default\">\n\t\t\t\t<div class=\"elementor-widget-container\">\n\t\t\t\t\t\t\t\t\t\t\t\t\t\t\t<img fetchpriority=\"high\" decoding=\"async\" width=\"675\" height=\"365\" src=\"https:\/\/www.corpusstudios.com\/wp-content\/uploads\/2023\/03\/corpus-studios-instructor-training-program-thumbnail.jpg\" class=\"attachment-full size-full wp-image-4053\" alt=\"Programme de formation d&#039;instructeurs \u00e0 Corpus Studios\" srcset=\"https:\/\/www.corpusstudios.com\/wp-content\/uploads\/2023\/03\/corpus-studios-instructor-training-program-thumbnail.jpg 675w, https:\/\/www.corpusstudios.com\/wp-content\/uploads\/2023\/03\/corpus-studios-instructor-training-program-thumbnail-18x10.jpg 18w\" sizes=\"(max-width: 675px) 100vw, 675px\" \/>\t\t\t\t\t\t\t\t\t\t\t\t\t\t\t<\/div>\n\t\t\t\t<\/div>\n\t\t\t\t<div class=\"elementor-element elementor-element-e418376 elementor-widget elementor-widget-heading\" data-id=\"e418376\" data-element_type=\"widget\" data-e-type=\"widget\" data-widget_type=\"heading.default\">\n\t\t\t\t<div class=\"elementor-widget-container\">\n\t\t\t\t\t<h3 class=\"elementor-heading-title elementor-size-default\">Niveau 2 : Interm\u00e9diaire et avanc\u00e9<\/h3>\t\t\t\t<\/div>\n\t\t\t\t<\/div>\n\t\t\t\t<div class=\"elementor-element elementor-element-474c783 elementor-widget elementor-widget-button\" data-id=\"474c783\" data-element_type=\"widget\" data-e-type=\"widget\" data-widget_type=\"button.default\">\n\t\t\t\t<div class=\"elementor-widget-container\">\n\t\t\t\t\t\t\t\t\t<div class=\"elementor-button-wrapper\">\n\t\t\t\t\t<a class=\"elementor-button elementor-button-link elementor-size-sm\" href=\"https:\/\/www.corpusstudios.com\/fr\/pilates\/comprehensive-studio-instructor-training-program-mat-apparatus\/comprehensive-studio-program-mat-apparatus-level-2-intermediate-advanced\/\">\n\t\t\t\t\t\t<span class=\"elementor-button-content-wrapper\">\n\t\t\t\t\t\t\t\t\t<span class=\"elementor-button-text\">EN SAVOIR PLUS<\/span>\n\t\t\t\t\t<\/span>\n\t\t\t\t\t<\/a>\n\t\t\t\t<\/div>\n\t\t\t\t\t\t\t\t<\/div>\n\t\t\t\t<\/div>\n\t\t\t\t\t<\/div>\n\t\t<\/div>\n\t\t\t\t\t<\/div>\n\t\t<\/section>\n\t\t\t\t\t<\/div>\n\t\t<\/div>\n\t\t\t\t\t<\/div>\n\t\t<\/section>\n\t\t\t\t<\/div>","protected":false},"excerpt":{"rendered":"<p>Comprehensive StudioInstructor Training Program(Mat &#038; Apparatus) The Pilates Comprehensive Studio Instructor program is intended for students wishing to embark on a fully-fledged career as a Pilates studio instructor, incorporating both mat and the full studio apparatus. This is the way Joseph Pilates intended his exercise program to be delivered \u2013 combining mat work with the [&hellip;]<\/p>\n","protected":false},"author":1,"featured_media":0,"parent":1744,"menu_order":0,"comment_status":"closed","ping_status":"closed","template":"elementor_header_footer","meta":{"footnotes":""},"class_list":["post-1897","page","type-page","status-publish","hentry"],"_links":{"self":[{"href":"https:\/\/www.corpusstudios.com\/fr\/wp-json\/wp\/v2\/pages\/1897","targetHints":{"allow":["GET"]}}],"collection":[{"href":"https:\/\/www.corpusstudios.com\/fr\/wp-json\/wp\/v2\/pages"}],"about":[{"href":"https:\/\/www.corpusstudios.com\/fr\/wp-json\/wp\/v2\/types\/page"}],"author":[{"embeddable":true,"href":"https:\/\/www.corpusstudios.com\/fr\/wp-json\/wp\/v2\/users\/1"}],"replies":[{"embeddable":true,"href":"https:\/\/www.corpusstudios.com\/fr\/wp-json\/wp\/v2\/comments?post=1897"}],"version-history":[{"count":0,"href":"https:\/\/www.corpusstudios.com\/fr\/wp-json\/wp\/v2\/pages\/1897\/revisions"}],"up":[{"embeddable":true,"href":"https:\/\/www.corpusstudios.com\/fr\/wp-json\/wp\/v2\/pages\/1744"}],"wp:attachment":[{"href":"https:\/\/www.corpusstudios.com\/fr\/wp-json\/wp\/v2\/media?parent=1897"}],"curies":[{"name":"wp","href":"https:\/\/api.w.org\/{rel}","templated":true}]}}