{"id":1489,"date":"2023-01-10T23:38:05","date_gmt":"2023-01-10T22:38:05","guid":{"rendered":"https:\/\/www.corpusstudios.com\/?page_id=1489"},"modified":"2025-09-05T13:37:48","modified_gmt":"2025-09-05T11:37:48","slug":"coaching-personnel-caroly","status":"publish","type":"page","link":"https:\/\/www.corpusstudios.com\/fr\/personal-coaching-caroly\/","title":{"rendered":"R\u00e9servez un cours Priv\u00e9 \u00e0 Caroly"},"content":{"rendered":"<div data-elementor-type=\"wp-page\" data-elementor-id=\"1489\" class=\"elementor elementor-1489\" data-elementor-post-type=\"page\">\n\t\t\t\t\t\t<section class=\"elementor-section elementor-top-section elementor-element elementor-element-5d2ac9e elementor-section-content-middle elementor-section-boxed elementor-section-height-default elementor-section-height-default\" data-id=\"5d2ac9e\" data-element_type=\"section\" data-e-type=\"section\">\n\t\t\t\t\t\t<div class=\"elementor-container elementor-column-gap-default\">\n\t\t\t\t\t<div class=\"elementor-column elementor-col-50 elementor-top-column elementor-element elementor-element-b0c86b9\" data-id=\"b0c86b9\" data-element_type=\"column\" data-e-type=\"column\">\n\t\t\t<div class=\"elementor-widget-wrap elementor-element-populated\">\n\t\t\t\t\t\t<div class=\"elementor-element elementor-element-a4adcb4 elementor-widget elementor-widget-heading\" data-id=\"a4adcb4\" data-element_type=\"widget\" data-e-type=\"widget\" data-widget_type=\"heading.default\">\n\t\t\t\t<div class=\"elementor-widget-container\">\n\t\t\t\t\t<h1 class=\"elementor-heading-title elementor-size-default\">Coaching personnel \u00e0 Bruxelles, Rue Caroly 33<\/h1>\t\t\t\t<\/div>\n\t\t\t\t<\/div>\n\t\t\t\t<div class=\"elementor-element elementor-element-e203c25 elementor-widget elementor-widget-heading\" data-id=\"e203c25\" data-element_type=\"widget\" data-e-type=\"widget\" data-widget_type=\"heading.default\">\n\t\t\t\t<div class=\"elementor-widget-container\">\n\t\t\t\t\t<h2 class=\"elementor-heading-title elementor-size-default\">R\u00e9servez votre cours priv\u00e9 de Pilates \u00e0 Bruxelles<\/h2>\t\t\t\t<\/div>\n\t\t\t\t<\/div>\n\t\t\t\t<div class=\"elementor-element elementor-element-a4a53f3 elementor-widget elementor-widget-text-editor\" data-id=\"a4a53f3\" data-element_type=\"widget\" data-e-type=\"widget\" data-widget_type=\"text-editor.default\">\n\t\t\t\t<div class=\"elementor-widget-container\">\n\t\t\t\t\t\t\t\t\tCommencez votre remise en forme avec un entra\u00eenement personnalis\u00e9 dans notre studio ultramoderne \u00e0 Bruxelles. \u00c0 l'emplacement de la rue Caroly 33, nous offrons un coaching personnel en studio Pilates, CoreAlign\u2122 et Yoga. Nos instructeurs certifi\u00e9s cr\u00e9eront un programme personnalis\u00e9 qui correspond \u00e0 vos besoins individuels, que vous soyez un d\u00e9butant ou un pratiquant exp\u00e9riment\u00e9. En mettant l'accent sur la r\u00e9alisation de vos objectifs personnels, nos le\u00e7ons priv\u00e9es de Pilates et nos s\u00e9ances de CoreAlign\u2122 sont con\u00e7ues pour offrir les meilleurs r\u00e9sultats.\t\t\t\t\t\t\t\t<\/div>\n\t\t\t\t<\/div>\n\t\t\t\t\t<\/div>\n\t\t<\/div>\n\t\t\t\t<div class=\"elementor-column elementor-col-50 elementor-top-column elementor-element elementor-element-b676be6\" data-id=\"b676be6\" data-element_type=\"column\" data-e-type=\"column\">\n\t\t\t<div class=\"elementor-widget-wrap elementor-element-populated\">\n\t\t\t\t\t\t<div class=\"elementor-element elementor-element-d630da7 elementor-widget elementor-widget-video\" data-id=\"d630da7\" data-element_type=\"widget\" data-e-type=\"widget\" data-settings=\"{&quot;youtube_url&quot;:&quot;https:\\\/\\\/www.youtube.com\\\/watch?v=Tj-z4djsnX0&quot;,&quot;mute&quot;:&quot;yes&quot;,&quot;yt_privacy&quot;:&quot;yes&quot;,&quot;lazy_load&quot;:&quot;yes&quot;,&quot;video_type&quot;:&quot;youtube&quot;}\" data-widget_type=\"video.default\">\n\t\t\t\t<div class=\"elementor-widget-container\">\n\t\t\t\t\t\t\t<div class=\"elementor-wrapper elementor-open-inline\">\n\t\t\t<div class=\"elementor-video\"><\/div>\t\t<\/div>\n\t\t\t\t\t\t<\/div>\n\t\t\t\t<\/div>\n\t\t\t\t\t<\/div>\n\t\t<\/div>\n\t\t\t\t\t<\/div>\n\t\t<\/section>\n\t\t\t\t<section class=\"elementor-section elementor-top-section elementor-element elementor-element-33c37f0 elementor-section-content-middle elementor-reverse-mobile elementor-section-boxed elementor-section-height-default elementor-section-height-default\" data-id=\"33c37f0\" data-element_type=\"section\" data-e-type=\"section\" data-settings=\"{&quot;background_background&quot;:&quot;classic&quot;}\">\n\t\t\t\t\t\t<div class=\"elementor-container elementor-column-gap-default\">\n\t\t\t\t\t<div class=\"elementor-column elementor-col-50 elementor-top-column elementor-element elementor-element-e54d9c0\" data-id=\"e54d9c0\" data-element_type=\"column\" data-e-type=\"column\" data-settings=\"{&quot;background_background&quot;:&quot;classic&quot;}\">\n\t\t\t<div class=\"elementor-widget-wrap elementor-element-populated\">\n\t\t\t\t\t\t<div class=\"elementor-element elementor-element-66492ff elementor-widget elementor-widget-image\" data-id=\"66492ff\" data-element_type=\"widget\" data-e-type=\"widget\" data-widget_type=\"image.default\">\n\t\t\t\t<div class=\"elementor-widget-container\">\n\t\t\t\t\t\t\t\t\t\t\t\t\t\t\t<img fetchpriority=\"high\" decoding=\"async\" width=\"768\" height=\"432\" src=\"https:\/\/www.corpusstudios.com\/wp-content\/uploads\/2024\/09\/individualized-coaching-for-optimal-results-corpus-studios.jpg\" class=\"attachment-full size-full wp-image-6609\" alt=\"Coaching individualis\u00e9 pour des r\u00e9sultats optimaux \u00e0 Corpus Studios\" srcset=\"https:\/\/www.corpusstudios.com\/wp-content\/uploads\/2024\/09\/individualized-coaching-for-optimal-results-corpus-studios.jpg 768w, https:\/\/www.corpusstudios.com\/wp-content\/uploads\/2024\/09\/individualized-coaching-for-optimal-results-corpus-studios-18x10.jpg 18w\" sizes=\"(max-width: 768px) 100vw, 768px\" \/>\t\t\t\t\t\t\t\t\t\t\t\t\t\t\t<\/div>\n\t\t\t\t<\/div>\n\t\t\t\t\t<\/div>\n\t\t<\/div>\n\t\t\t\t<div class=\"elementor-column elementor-col-50 elementor-top-column elementor-element elementor-element-193bcd5\" data-id=\"193bcd5\" data-element_type=\"column\" data-e-type=\"column\">\n\t\t\t<div class=\"elementor-widget-wrap elementor-element-populated\">\n\t\t\t\t\t\t<div class=\"elementor-element elementor-element-26e37e6 elementor-widget elementor-widget-heading\" data-id=\"26e37e6\" data-element_type=\"widget\" data-e-type=\"widget\" data-widget_type=\"heading.default\">\n\t\t\t\t<div class=\"elementor-widget-container\">\n\t\t\t\t\t<h2 class=\"elementor-heading-title elementor-size-default\">Coaching individualis\u00e9 pour des r\u00e9sultats optimaux<\/h2>\t\t\t\t<\/div>\n\t\t\t\t<\/div>\n\t\t\t\t<div class=\"elementor-element elementor-element-cc59c2e elementor-widget elementor-widget-text-editor\" data-id=\"cc59c2e\" data-element_type=\"widget\" data-e-type=\"widget\" data-widget_type=\"text-editor.default\">\n\t\t\t\t<div class=\"elementor-widget-container\">\n\t\t\t\t\t\t\t\t\tCorpus Studios\u2122 Caroly studio, notre \u00e9quipe propose un coaching Pilates priv\u00e9 qui s'adresse \u00e0 des zones sp\u00e9cifiques de votre corps, telles que la force centrale, la flexibilit\u00e9 et la condition physique g\u00e9n\u00e9rale. Nos instructeurs professionnels \u00e9laboreront un programme de Pilates sur mesure en fonction de votre niveau de forme et de vos ant\u00e9c\u00e9dents m\u00e9dicaux. Chaque s\u00e9ance est con\u00e7ue pour optimiser vos progr\u00e8s et vous permettre de tirer le meilleur parti de chaque entra\u00eenement.\t\t\t\t\t\t\t\t<\/div>\n\t\t\t\t<\/div>\n\t\t\t\t\t<\/div>\n\t\t<\/div>\n\t\t\t\t\t<\/div>\n\t\t<\/section>\n\t\t\t\t<section class=\"elementor-section elementor-top-section elementor-element elementor-element-1b0cab2 elementor-section-boxed elementor-section-height-default elementor-section-height-default\" data-id=\"1b0cab2\" data-element_type=\"section\" data-e-type=\"section\" data-settings=\"{&quot;background_background&quot;:&quot;classic&quot;}\">\n\t\t\t\t\t\t<div class=\"elementor-container elementor-column-gap-default\">\n\t\t\t\t\t<div class=\"elementor-column elementor-col-50 elementor-top-column elementor-element elementor-element-53252d7\" data-id=\"53252d7\" data-element_type=\"column\" data-e-type=\"column\">\n\t\t\t<div class=\"elementor-widget-wrap elementor-element-populated\">\n\t\t\t\t\t\t<div class=\"elementor-element elementor-element-62c4561 elementor-widget elementor-widget-heading\" data-id=\"62c4561\" data-element_type=\"widget\" data-e-type=\"widget\" data-widget_type=\"heading.default\">\n\t\t\t\t<div class=\"elementor-widget-container\">\n\t\t\t\t\t<h2 class=\"elementor-heading-title elementor-size-default\">Services complets d'entra\u00eenement personnel \u00e0 Bruxelles<\/h2>\t\t\t\t<\/div>\n\t\t\t\t<\/div>\n\t\t\t\t<div class=\"elementor-element elementor-element-765c8fa elementor-widget elementor-widget-text-editor\" data-id=\"765c8fa\" data-element_type=\"widget\" data-e-type=\"widget\" data-widget_type=\"text-editor.default\">\n\t\t\t\t<div class=\"elementor-widget-container\">\n\t\t\t\t\t\t\t\t\tCorpus Studios\u2122 propose des s\u00e9ances de CoreAlign\u2122 et de yoga, ce qui en fait un espace polyvalent permettant d'atteindre toute une s\u00e9rie d'objectifs de remise en forme. Que vous vous remettiez d'une blessure, que vous g\u00e9riez une maladie chronique ou que vous cherchiez simplement \u00e0 rester actif, notre \u00e9quipe d\u00e9vou\u00e9e est l\u00e0 pour vous soutenir. Notre approche personnalis\u00e9e garantit que chaque exercice est adapt\u00e9 \u00e0 vos besoins, offrant ainsi une exp\u00e9rience de remise en forme holistique et efficace.\t\t\t\t\t\t\t\t<\/div>\n\t\t\t\t<\/div>\n\t\t\t\t<div class=\"elementor-element elementor-element-ff36bd2 elementor-widget elementor-widget-heading\" data-id=\"ff36bd2\" data-element_type=\"widget\" data-e-type=\"widget\" data-widget_type=\"heading.default\">\n\t\t\t\t<div class=\"elementor-widget-container\">\n\t\t\t\t\t<h2 class=\"elementor-heading-title elementor-size-default\">Emplacement et accessibilit\u00e9 pratiques<\/h2>\t\t\t\t<\/div>\n\t\t\t\t<\/div>\n\t\t\t\t<div class=\"elementor-element elementor-element-b5bf6c8 elementor-widget elementor-widget-text-editor\" data-id=\"b5bf6c8\" data-element_type=\"widget\" data-e-type=\"widget\" data-widget_type=\"text-editor.default\">\n\t\t\t\t<div class=\"elementor-widget-container\">\n\t\t\t\t\t\t\t\t\tNotre studio de la rue Caroly 33 est id\u00e9alement situ\u00e9 \u00e0 Bruxelles, facilement accessible depuis le centre ville et les quartiers environnants. Avec un environnement lumineux et enti\u00e8rement \u00e9quip\u00e9, nous offrons un espace accueillant pour vos s\u00e9ances de coaching personnel. Pour ceux qui viennent des environs, notre studio est bien desservi par les transports en commun et nous disposons \u00e9galement d'un grand parking.\nR\u00e9servez d\u00e8s aujourd'hui votre cours priv\u00e9 de Pilates ou votre s\u00e9ance CoreAlign\u2122 \u00e0 Bruxelles et d\u00e9couvrez les avantages d'un coaching personnel d'experts adapt\u00e9 \u00e0 vos besoins. Contactez-nous pour planifier votre s\u00e9ance et faites le premier pas vers la r\u00e9alisation de vos objectifs de remise en forme avec notre \u00e9quipe d\u00e9vou\u00e9e.\t\t\t\t\t\t\t\t<\/div>\n\t\t\t\t<\/div>\n\t\t\t\t\t<\/div>\n\t\t<\/div>\n\t\t\t\t<div class=\"elementor-column elementor-col-50 elementor-top-column elementor-element elementor-element-da6b395\" data-id=\"da6b395\" data-element_type=\"column\" data-e-type=\"column\">\n\t\t\t<div class=\"elementor-widget-wrap elementor-element-populated\">\n\t\t\t\t\t\t<div class=\"elementor-element elementor-element-a4aeeed elementor-widget elementor-widget-image\" data-id=\"a4aeeed\" data-element_type=\"widget\" data-e-type=\"widget\" data-widget_type=\"image.default\">\n\t\t\t\t<div class=\"elementor-widget-container\">\n\t\t\t\t\t\t\t\t\t\t\t\t\t\t\t<img decoding=\"async\" width=\"550\" height=\"825\" src=\"https:\/\/www.corpusstudios.com\/wp-content\/uploads\/2023\/03\/corpus-studios-personal-coaching-caroly.jpg\" class=\"attachment-full size-full wp-image-3974\" alt=\"Coaching personnel dans le studio Caroly enti\u00e8rement \u00e9quip\u00e9. Nous proposons des cours de Pilates, de CoreAlign et de yoga.\" srcset=\"https:\/\/www.corpusstudios.com\/wp-content\/uploads\/2023\/03\/corpus-studios-personal-coaching-caroly.jpg 550w, https:\/\/www.corpusstudios.com\/wp-content\/uploads\/2023\/03\/corpus-studios-personal-coaching-caroly-8x12.jpg 8w\" sizes=\"(max-width: 550px) 100vw, 550px\" \/>\t\t\t\t\t\t\t\t\t\t\t\t\t\t\t<\/div>\n\t\t\t\t<\/div>\n\t\t\t\t\t<\/div>\n\t\t<\/div>\n\t\t\t\t\t<\/div>\n\t\t<\/section>\n\t\t\t\t<\/div>","protected":false},"excerpt":{"rendered":"<p>Personal Coaching in Brussels, Rue Caroly 33 Book Your Private Pilates Class in Brussels Start your fitness with personalized training at our state-of-the-art studio in Brussels. At Rue Caroly 33 location, we offer personal coaching in studio Pilates, CoreAlign\u2122, and Yoga. Our certified instructors will create a customized program that fits your individual needs, whether [&hellip;]<\/p>\n","protected":false},"author":1,"featured_media":0,"parent":0,"menu_order":0,"comment_status":"closed","ping_status":"closed","template":"elementor_header_footer","meta":{"footnotes":""},"class_list":["post-1489","page","type-page","status-publish","hentry"],"_links":{"self":[{"href":"https:\/\/www.corpusstudios.com\/fr\/wp-json\/wp\/v2\/pages\/1489","targetHints":{"allow":["GET"]}}],"collection":[{"href":"https:\/\/www.corpusstudios.com\/fr\/wp-json\/wp\/v2\/pages"}],"about":[{"href":"https:\/\/www.corpusstudios.com\/fr\/wp-json\/wp\/v2\/types\/page"}],"author":[{"embeddable":true,"href":"https:\/\/www.corpusstudios.com\/fr\/wp-json\/wp\/v2\/users\/1"}],"replies":[{"embeddable":true,"href":"https:\/\/www.corpusstudios.com\/fr\/wp-json\/wp\/v2\/comments?post=1489"}],"version-history":[{"count":0,"href":"https:\/\/www.corpusstudios.com\/fr\/wp-json\/wp\/v2\/pages\/1489\/revisions"}],"wp:attachment":[{"href":"https:\/\/www.corpusstudios.com\/fr\/wp-json\/wp\/v2\/media?parent=1489"}],"curies":[{"name":"wp","href":"https:\/\/api.w.org\/{rel}","templated":true}]}}